{"id":12,"date":"2024-04-03T17:06:08","date_gmt":"2024-04-03T22:06:08","guid":{"rendered":"http:\/\/www.odiseacorp.lat\/?page_id=12"},"modified":"2026-04-10T11:07:04","modified_gmt":"2026-04-10T16:07:04","slug":"contacto","status":"publish","type":"page","link":"https:\/\/www.odiseacorp.lat\/?page_id=12","title":{"rendered":"Contacto"},"content":{"rendered":"<p><a href=\"https:\/\/www.odiseacorp.lat\/?page_id=287\"><br \/>\n\t\t\t\t\t\t\t<img fetchpriority=\"high\" decoding=\"async\" width=\"1567\" height=\"321\" src=\"https:\/\/www.odiseacorp.lat\/wp-content\/uploads\/2025\/11\/Recurso-38-1@300ax.png\" alt=\"\" srcset=\"https:\/\/www.odiseacorp.lat\/wp-content\/uploads\/2025\/11\/Recurso-38-1@300ax.png 1567w, https:\/\/www.odiseacorp.lat\/wp-content\/uploads\/2025\/11\/Recurso-38-1@300ax-300x61.png 300w, https:\/\/www.odiseacorp.lat\/wp-content\/uploads\/2025\/11\/Recurso-38-1@300ax-1024x210.png 1024w, https:\/\/www.odiseacorp.lat\/wp-content\/uploads\/2025\/11\/Recurso-38-1@300ax-768x157.png 768w, https:\/\/www.odiseacorp.lat\/wp-content\/uploads\/2025\/11\/Recurso-38-1@300ax-1536x315.png 1536w\" sizes=\"(max-width: 1567px) 100vw, 1567px\" \/>\t\t\t\t\t\t\t\t<\/a><br \/>\n\t\t\t\t<svg aria-hidden=\"true\" viewBox=\"0 0 512 512\" xmlns=\"http:\/\/www.w3.org\/2000\/svg\"><path d=\"M497.39 361.8l-112-48a24 24 0 0 0-28 6.9l-49.6 60.6A370.66 370.66 0 0 1 130.6 204.11l60.6-49.6a23.94 23.94 0 0 0 6.9-28l-48-112A24.16 24.16 0 0 0 122.6.61l-104 24A24 24 0 0 0 0 48c0 256.5 207.9 464 464 464a24 24 0 0 0 23.4-18.6l24-104a24.29 24.29 0 0 0-14.01-27.6z\"><\/path><\/svg><br \/>\n\t\t\t\t\t\t\t\u00a1Postula Aqu\u00ed!\t\t\t\t\t\t<\/p>\n<p>\n\t\t\t\t\t\t977 524 919 | 982 167 308 | 940 485 610\t\t\t\t\t<\/p>\n<p>\t\t\t\t<svg aria-hidden=\"true\" viewBox=\"0 0 512 512\" xmlns=\"http:\/\/www.w3.org\/2000\/svg\"><path d=\"M502.3 190.8c3.9-3.1 9.7-.2 9.7 4.7V400c0 26.5-21.5 48-48 48H48c-26.5 0-48-21.5-48-48V195.6c0-5 5.7-7.8 9.7-4.7 22.4 17.4 52.1 39.5 154.1 113.6 21.1 15.4 56.7 47.8 92.2 47.6 35.7.3 72-32.8 92.3-47.6 102-74.1 131.6-96.3 154-113.7zM256 320c23.2.4 56.6-29.2 73.4-41.4 132.7-96.3 142.8-104.7 173.4-128.7 5.8-4.5 9.2-11.5 9.2-18.9v-19c0-26.5-21.5-48-48-48H48C21.5 64 0 85.5 0 112v19c0 7.4 3.4 14.3 9.2 18.9 30.6 23.9 40.7 32.4 173.4 128.7 16.8 12.2 50.2 41.8 73.4 41.4z\"><\/path><\/svg><br \/>\n\t\t\t\t\t\t\tDirecci\u00f3n\t\t\t\t\t\t<\/p>\n<p>\n\t\t\t\t\t\tAv. Evitamiento<br \/>\nN\u00b0 1559, Ate &#8211; Lima\t\t\t\t\t<\/p>\n<p>\t\t\t\t\t<a href=\"https:\/\/www.linkedin.com\/company\/grupoodisea\/\" target=\"_blank\"><br \/>\n\t\t\t\t\t\tLinkedin<br \/>\n\t\t\t\t\t\t<svg aria-hidden=\"true\" viewBox=\"0 0 448 512\" xmlns=\"http:\/\/www.w3.org\/2000\/svg\"><path d=\"M416 32H31.9C14.3 32 0 46.5 0 64.3v383.4C0 465.5 14.3 480 31.9 480H416c17.6 0 32-14.5 32-32.3V64.3c0-17.8-14.4-32.3-32-32.3zM135.4 416H69V202.2h66.5V416zm-33.2-243c-21.3 0-38.5-17.3-38.5-38.5S80.9 96 102.2 96c21.2 0 38.5 17.3 38.5 38.5 0 21.3-17.2 38.5-38.5 38.5zm282.1 243h-66.4V312c0-24.8-.5-56.7-34.5-56.7-34.6 0-39.9 27-39.9 54.9V416h-66.4V202.2h63.7v29.2h.9c8.9-16.8 30.6-34.5 62.9-34.5 67.2 0 79.7 44.3 79.7 101.9V416z\"><\/path><\/svg>\t\t\t\t\t<\/a><br \/>\n\t\t\t\t\t<a href=\"https:\/\/www.tiktok.com\/@odisea_peru\" target=\"_blank\"><br \/>\n\t\t\t\t\t\tTiktok<br \/>\n\t\t\t\t\t\t<svg aria-hidden=\"true\" viewBox=\"0 0 448 512\" xmlns=\"http:\/\/www.w3.org\/2000\/svg\"><path d=\"M448,209.91a210.06,210.06,0,0,1-122.77-39.25V349.38A162.55,162.55,0,1,1,185,188.31V278.2a74.62,74.62,0,1,0,52.23,71.18V0l88,0a121.18,121.18,0,0,0,1.86,22.17h0A122.18,122.18,0,0,0,381,102.39a121.43,121.43,0,0,0,67,20.14Z\"><\/path><\/svg>\t\t\t\t\t<\/a><br \/>\n\t\t\t\t\t<a href=\"https:\/\/www.facebook.com\/GrupoOdiseaSac\" target=\"_blank\"><br \/>\n\t\t\t\t\t\tFacebook<br \/>\n\t\t\t\t\t\t<svg aria-hidden=\"true\" viewBox=\"0 0 512 512\" xmlns=\"http:\/\/www.w3.org\/2000\/svg\"><path d=\"M504 256C504 119 393 8 256 8S8 119 8 256c0 123.78 90.69 226.38 209.25 245V327.69h-63V256h63v-54.64c0-62.15 37-96.48 93.67-96.48 27.14 0 55.52 4.84 55.52 4.84v61h-31.28c-30.8 0-40.41 19.12-40.41 38.73V256h68.78l-11 71.69h-57.78V501C413.31 482.38 504 379.78 504 256z\"><\/path><\/svg>\t\t\t\t\t<\/a><br \/>\n\t\t\t\t\t<a href=\"https:\/\/www.instagram.com\/odisea_peru\/\" target=\"_blank\"><br \/>\n\t\t\t\t\t\tInstagram<br \/>\n\t\t\t\t\t\t<svg aria-hidden=\"true\" viewBox=\"0 0 448 512\" xmlns=\"http:\/\/www.w3.org\/2000\/svg\"><path d=\"M224.1 141c-63.6 0-114.9 51.3-114.9 114.9s51.3 114.9 114.9 114.9S339 319.5 339 255.9 287.7 141 224.1 141zm0 189.6c-41.1 0-74.7-33.5-74.7-74.7s33.5-74.7 74.7-74.7 74.7 33.5 74.7 74.7-33.6 74.7-74.7 74.7zm146.4-194.3c0 14.9-12 26.8-26.8 26.8-14.9 0-26.8-12-26.8-26.8s12-26.8 26.8-26.8 26.8 12 26.8 26.8zm76.1 27.2c-1.7-35.9-9.9-67.7-36.2-93.9-26.2-26.2-58-34.4-93.9-36.2-37-2.1-147.9-2.1-184.9 0-35.8 1.7-67.6 9.9-93.9 36.1s-34.4 58-36.2 93.9c-2.1 37-2.1 147.9 0 184.9 1.7 35.9 9.9 67.7 36.2 93.9s58 34.4 93.9 36.2c37 2.1 147.9 2.1 184.9 0 35.9-1.7 67.7-9.9 93.9-36.2 26.2-26.2 34.4-58 36.2-93.9 2.1-37 2.1-147.8 0-184.8zM398.8 388c-7.8 19.6-22.9 34.7-42.6 42.6-29.5 11.7-99.5 9-132.1 9s-102.7 2.6-132.1-9c-19.6-7.8-34.7-22.9-42.6-42.6-11.7-29.5-9-99.5-9-132.1s-2.6-102.7 9-132.1c7.8-19.6 22.9-34.7 42.6-42.6 29.5-11.7 99.5-9 132.1-9s102.7-2.6 132.1 9c19.6 7.8 34.7 22.9 42.6 42.6 11.7 29.5 9 99.5 9 132.1s2.7 102.7-9 132.1z\"><\/path><\/svg>\t\t\t\t\t<\/a><br \/>\n\t\t\t\t\t<a href=\"http:\/\/191.98.141.108\/portal.odisea.s360\"><br \/>\n\t\t\t\t\t\t\t\t\tINTRANET<br \/>\n\t\t\t\t\t<\/a><br \/>\n\t\t\t\t\u00bfTienes preguntas?\t\t\t\t<\/p>\n<h2>PONTE EN CONTACTO CON NOSOTROS<\/h2>\n<p>\u00a1Estamos aqu\u00ed para ayudarte! Ponte en contacto con nosotros a trav\u00e9s de los siguientes medios:<\/p>\n<p><style id=\"wpforms-css-vars-1414\">\n\t\t\t\t#wpforms-1414 {\n\t\t\t\t\n\t\t\t}\n\t\t\t<\/style><div class=\"wpforms-container wpforms-container-full wpforms-render-modern\" id=\"wpforms-1414\"><form id=\"wpforms-form-1414\" class=\"wpforms-validate wpforms-form wpforms-ajax-form\" data-formid=\"1414\" method=\"post\" enctype=\"multipart\/form-data\" action=\"\/index.php?rest_route=%2Fwp%2Fv2%2Fpages%2F12\" data-token=\"e63ccd986b59560ca41011f38e06dbda\" data-token-time=\"1776648942\"><noscript class=\"wpforms-error-noscript\">Please enable JavaScript in your browser to complete this form.<\/noscript><div id=\"wpforms-error-noscript\" style=\"display: none;\">Please enable JavaScript in your browser to complete this form.<\/div><div class=\"wpforms-field-container\"><div id=\"wpforms-1414-field_1-container\" class=\"wpforms-field wpforms-field-name\" data-field-id=\"1\"><fieldset><legend class=\"wpforms-field-label\">Datos de la empresa <span class=\"wpforms-required-label\" aria-hidden=\"true\">*<\/span><\/legend><div class=\"wpforms-field-row wpforms-field-medium\"><div class=\"wpforms-field-row-block wpforms-first wpforms-one-half\"><input type=\"text\" id=\"wpforms-1414-field_1\" class=\"wpforms-field-name-first wpforms-field-required\" name=\"wpforms[fields][1][first]\" placeholder=\"Raz\u00f3n Social\" aria-errormessage=\"wpforms-1414-field_1-error\" aria-describedby=\"wpforms-1414-field_1-description\" required><label for=\"wpforms-1414-field_1\" class=\"wpforms-field-sublabel after wpforms-sublabel-hide\">First<\/label><\/div><div class=\"wpforms-field-row-block wpforms-one-half\"><input type=\"text\" id=\"wpforms-1414-field_1-last\" class=\"wpforms-field-name-last wpforms-field-required\" name=\"wpforms[fields][1][last]\" placeholder=\"RUC\" aria-errormessage=\"wpforms-1414-field_1-last-error\" aria-describedby=\"wpforms-1414-field_1-description\" required><label for=\"wpforms-1414-field_1-last\" class=\"wpforms-field-sublabel after wpforms-sublabel-hide\">Last<\/label><\/div><\/div><div id=\"wpforms-1414-field_1-description\" class=\"wpforms-field-description\">Indicar su Raz\u00f3n social y RUC de la empresa.<\/div><\/fieldset><\/div><div id=\"wpforms-1414-field_6-container\" class=\"wpforms-field wpforms-field-name\" data-field-id=\"6\"><fieldset><legend class=\"wpforms-field-label\">Persona de contacto <span class=\"wpforms-required-label\" aria-hidden=\"true\">*<\/span><\/legend><div class=\"wpforms-field-row wpforms-field-medium\"><div class=\"wpforms-field-row-block wpforms-first wpforms-two-fifths\"><input type=\"text\" id=\"wpforms-1414-field_6\" class=\"wpforms-field-name-first wpforms-field-required\" name=\"wpforms[fields][6][first]\" placeholder=\"Nombre completo\" aria-errormessage=\"wpforms-1414-field_6-error\" aria-describedby=\"wpforms-1414-field_6-description\" required><label for=\"wpforms-1414-field_6\" class=\"wpforms-field-sublabel after wpforms-sublabel-hide\">First<\/label><\/div><div class=\"wpforms-field-row-block wpforms-one-fifth\"><input type=\"text\" id=\"wpforms-1414-field_6-middle\" class=\"wpforms-field-name-middle\" name=\"wpforms[fields][6][middle]\" placeholder=\"Cargo\" aria-errormessage=\"wpforms-1414-field_6-middle-error\" aria-describedby=\"wpforms-1414-field_6-description\" ><label for=\"wpforms-1414-field_6-middle\" class=\"wpforms-field-sublabel after wpforms-sublabel-hide\">Middle<\/label><\/div><div class=\"wpforms-field-row-block wpforms-two-fifths\"><input type=\"text\" id=\"wpforms-1414-field_6-last\" class=\"wpforms-field-name-last wpforms-field-required\" name=\"wpforms[fields][6][last]\" placeholder=\"Tel\u00e9fono\" aria-errormessage=\"wpforms-1414-field_6-last-error\" aria-describedby=\"wpforms-1414-field_6-description\" required><label for=\"wpforms-1414-field_6-last\" class=\"wpforms-field-sublabel after wpforms-sublabel-hide\">Last<\/label><\/div><\/div><div id=\"wpforms-1414-field_6-description\" class=\"wpforms-field-description\">Indicar nombres completos, email y tel\u00e9fono de contacto.<\/div><\/fieldset><\/div><div id=\"wpforms-1414-field_10-container\" class=\"wpforms-field wpforms-field-email\" data-field-id=\"10\"><label class=\"wpforms-field-label\" for=\"wpforms-1414-field_10\">Email <span class=\"wpforms-required-label\" aria-hidden=\"true\">*<\/span><\/label><input type=\"email\" id=\"wpforms-1414-field_10\" class=\"wpforms-field-medium wpforms-field-required\" name=\"wpforms[fields][10]\" spellcheck=\"false\" aria-errormessage=\"wpforms-1414-field_10-error\" aria-describedby=\"wpforms-1414-field_10-description\" required><div id=\"wpforms-1414-field_10-description\" class=\"wpforms-field-description\">Indicar su correo electr\u00f3nico de contacto<\/div><\/div><div id=\"wpforms-1414-field_2-container\" class=\"wpforms-field wpforms-field-textarea\" data-field-id=\"2\"><label class=\"wpforms-field-label\" for=\"wpforms-1414-field_2\">\u00bfCu\u00e1l es su servicio de inter\u00e9s? <span class=\"wpforms-required-label\" aria-hidden=\"true\">*<\/span><\/label><textarea id=\"wpforms-1414-field_2\" class=\"wpforms-field-medium wpforms-field-required\" name=\"wpforms[fields][2]\" aria-errormessage=\"wpforms-1414-field_2-error\" aria-describedby=\"wpforms-1414-field_2-description\" required><\/textarea><div id=\"wpforms-1414-field_2-description\" class=\"wpforms-field-description\">Detalle el servicio de su inter\u00e9s y com\u00e9ntenos si tiene alguna duda adicional.<\/div><\/div><\/div><!-- .wpforms-field-container --><div class=\"wpforms-submit-container\" ><input type=\"hidden\" name=\"wpforms[id]\" value=\"1414\"><input type=\"hidden\" name=\"page_title\" value=\"\"><input type=\"hidden\" name=\"page_url\" value=\"https:\/\/www.odiseacorp.lat\/index.php?rest_route=\/wp\/v2\/pages\/12\"><input type=\"hidden\" name=\"url_referer\" value=\"\"><button type=\"submit\" name=\"wpforms[submit]\" id=\"wpforms-submit-1414\" class=\"wpforms-submit\" data-alt-text=\"Enviando...\" data-submit-text=\"Enviar\" aria-live=\"assertive\" value=\"wpforms-submit\">Enviar<\/button><img decoding=\"async\" src=\"https:\/\/www.odiseacorp.lat\/wp-content\/plugins\/wpforms-lite\/assets\/images\/submit-spin.svg\" class=\"wpforms-submit-spinner\" style=\"display: none;\" width=\"26\" height=\"26\" alt=\"Loading\"><\/div><\/form><\/div>  <!-- .wpforms-container --><br \/>\n\t\t\t\t<svg aria-hidden=\"true\" viewBox=\"0 0 384 512\" xmlns=\"http:\/\/www.w3.org\/2000\/svg\"><path d=\"M172.268 501.67C26.97 291.031 0 269.413 0 192 0 85.961 85.961 0 192 0s192 85.961 192 192c0 77.413-26.97 99.031-172.268 309.67-9.535 13.774-29.93 13.773-39.464 0zM192 272c44.183 0 80-35.817 80-80s-35.817-80-80-80-80 35.817-80 80 35.817 80 80 80z\"><\/path><\/svg><br \/>\n\t\t\t\t\t\t\tDirecci\u00f3n\t\t\t\t\t\t<\/p>\n<p>\n\t\t\t\t\t\tAv. V\u00eda Evitamiento N\u00b0 1559, Ate &#8211; Lima\t\t\t\t\t<\/p>\n<p>\t\t\t\t\t\t\t\u00a1Cotiza Aqu\u00ed!\t\t\t\t\t\t<\/p>\n<p>\n\t\t\t\t\t\t(+51) 983 285 802\t\t\t\t\t<\/p>\n<p>\t\t\t\t<svg aria-hidden=\"true\" viewBox=\"0 0 512 512\" xmlns=\"http:\/\/www.w3.org\/2000\/svg\"><path d=\"M502.3 190.8c3.9-3.1 9.7-.2 9.7 4.7V400c0 26.5-21.5 48-48 48H48c-26.5 0-48-21.5-48-48V195.6c0-5 5.7-7.8 9.7-4.7 22.4 17.4 52.1 39.5 154.1 113.6 21.1 15.4 56.7 47.8 92.2 47.6 35.7.3 72-32.8 92.3-47.6 102-74.1 131.6-96.3 154-113.7zM256 320c23.2.4 56.6-29.2 73.4-41.4 132.7-96.3 142.8-104.7 173.4-128.7 5.8-4.5 9.2-11.5 9.2-18.9v-19c0-26.5-21.5-48-48-48H48C21.5 64 0 85.5 0 112v19c0 7.4 3.4 14.3 9.2 18.9 30.6 23.9 40.7 32.4 173.4 128.7 16.8 12.2 50.2 41.8 73.4 41.4z\"><\/path><\/svg><br \/>\n\t\t\t\t\t\t\tEmail\t\t\t\t\t\t<\/p>\n<p>\n\t\t\t\t\t\tcomercial@odiseacorp.pe\n\t\t\t\t\t<\/p>\n<figure><img decoding=\"async\" src=\"https:\/\/www.odiseacorp.lat\/wp-content\/uploads\/elementor\/thumbs\/HODELPE-41-8-qn969bu0ryx32o68xarat3d8zznhv44o7h3ol7nbxc.png\" alt=\"HODELPE-41\" \/><\/figure>\n<figure><img decoding=\"async\" src=\"https:\/\/www.odiseacorp.lat\/wp-content\/uploads\/elementor\/thumbs\/CERTIFICACIONES-Y-HOMOLOGACIONES-VECTOR-40-qmk7470hd40je259xk961bxy2ezrowwtv4xwjpooio.png\" alt=\"CERTIFICACIONES Y HOMOLOGACIONES VECTOR-40\" \/><\/figure>\n<figure><img decoding=\"async\" src=\"https:\/\/www.odiseacorp.lat\/wp-content\/uploads\/elementor\/thumbs\/CERTIFICACIONES-Y-HOMOLOGACIONES-VECTOR-39-qmk74394lrve3maqjimnrcw3oviau4hwimbymlu97k.png\" alt=\"CERTIFICACIONES Y HOMOLOGACIONES VECTOR-39\" \/><\/figure>\n<figure><img decoding=\"async\" src=\"https:\/\/www.odiseacorp.lat\/wp-content\/uploads\/elementor\/thumbs\/CERTIFICACIONES-Y-HOMOLOGACIONES-VECTOR-38-qmk740fm19rj4setzzes1vlpwpw7716pi8di6ryfq8.png\" alt=\"CERTIFICACIONES Y HOMOLOGACIONES VECTOR-38\" \/><\/figure>\n<figure><img decoding=\"async\" src=\"https:\/\/www.odiseacorp.lat\/wp-content\/uploads\/elementor\/thumbs\/CERTIFICACIONES-Y-HOMOLOGACIONES-VECTOR-37-qmk73wo99xmduckalxs9rwjvj6eqc8rs5prk9o40f4.png\" alt=\"CERTIFICACIONES Y HOMOLOGACIONES VECTOR-37\" \/><\/figure>\n<figure><img decoding=\"async\" src=\"https:\/\/www.odiseacorp.lat\/wp-content\/uploads\/elementor\/thumbs\/CERTIFICACIONES-Y-HOMOLOGACIONES-VECTOR-36-qmk73swwilh8jwpr7w5rhxi15mx9hgcut75mck9l40.png\" alt=\"CERTIFICACIONES Y HOMOLOGACIONES VECTOR-36\" \/><\/figure>\n<figure><img decoding=\"async\" src=\"https:\/\/www.odiseacorp.lat\/wp-content\/uploads\/elementor\/thumbs\/CERTIFICACIONES-Y-HOMOLOGACIONES-VECTOR-35-qmk73p5jr9c39gv7tuj97yg6s3fsmnxxgojofgf5sw.png\" alt=\"CERTIFICACIONES Y HOMOLOGACIONES VECTOR-35\" \/><\/figure>\n<figure><img decoding=\"async\" src=\"https:\/\/www.odiseacorp.lat\/wp-content\/uploads\/elementor\/thumbs\/CERTIFICACIONES-Y-HOMOLOGACIONES-VECTOR-34-qmk73n9vdl9im8xy4tq02yx9lbp279qgsf8pgwhy5c.png\" alt=\"CERTIFICACIONES Y HOMOLOGACIONES VECTOR-34\" \/><\/figure>\n<figure><img decoding=\"async\" src=\"https:\/\/www.odiseacorp.lat\/wp-content\/uploads\/elementor\/thumbs\/CERTIFICACIONES-Y-HOMOLOGACIONES-VECTOR-33-qmk73kgct35nnf21lai4dhmvt62yk6f9s1a912m4o0.png\" alt=\"CERTIFICACIONES Y HOMOLOGACIONES VECTOR-33\" \/><\/figure>\n<figure><img decoding=\"async\" src=\"https:\/\/www.odiseacorp.lat\/wp-content\/uploads\/elementor\/thumbs\/CERTIFICACIONES-Y-HOMOLOGACIONES-VECTOR-32-qmk73gp01r0icz7i78vm3il1fmlhpe0cfiob3yrpcw.png\" alt=\"CERTIFICACIONES Y HOMOLOGACIONES VECTOR-32\" \/><\/figure>\n<figure><img decoding=\"async\" src=\"https:\/\/www.odiseacorp.lat\/wp-content\/uploads\/elementor\/thumbs\/CERTIFICACIONES-Y-HOMOLOGACIONES-VECTOR-31-qmk73cxnaevd2jcyt793tjj72340ullf302d6uxa1s.png\" alt=\"CERTIFICACIONES Y HOMOLOGACIONES VECTOR-31\" \/><\/figure>\n<p>\t\t\t\t\t\t\t\t\t\t\t\t\t\t\t<img decoding=\"async\" width=\"1567\" height=\"321\" src=\"https:\/\/www.odiseacorp.lat\/wp-content\/uploads\/2025\/11\/Recurso-38-2@300ax.png\" alt=\"\" srcset=\"https:\/\/www.odiseacorp.lat\/wp-content\/uploads\/2025\/11\/Recurso-38-2@300ax.png 1567w, https:\/\/www.odiseacorp.lat\/wp-content\/uploads\/2025\/11\/Recurso-38-2@300ax-300x61.png 300w, https:\/\/www.odiseacorp.lat\/wp-content\/uploads\/2025\/11\/Recurso-38-2@300ax-1024x210.png 1024w, https:\/\/www.odiseacorp.lat\/wp-content\/uploads\/2025\/11\/Recurso-38-2@300ax-768x157.png 768w, https:\/\/www.odiseacorp.lat\/wp-content\/uploads\/2025\/11\/Recurso-38-2@300ax-1536x315.png 1536w\" sizes=\"(max-width: 1567px) 100vw, 1567px\" \/>\t\t\t\t\t\t\t\t\t\t\t\t\t\t\t<\/p>\n<p>Especialistas en Gesti\u00f3n de Riesgos por m\u00e1s de 14 a\u00f1os. \u00a1OdiseaCorp a tu servicio!<\/p>\n<p>\t\t\t\t\t<a href=\"https:\/\/www.linkedin.com\/company\/grupoodisea\/\" target=\"_blank\"><br \/>\n\t\t\t\t\t\tJki-linkedin-light<br \/>\n\t\t\t\t\t\t\t\t\t\t\t<\/a><br \/>\n\t\t\t\t\t<a href=\"https:\/\/www.instagram.com\/odisea_peru\/\" target=\"_blank\"><br \/>\n\t\t\t\t\t\tJki-instagram-1-light<br \/>\n\t\t\t\t\t\t\t\t\t\t\t<\/a><br \/>\n\t\t\t\t\t<a href=\"https:\/\/www.facebook.com\/GrupoOdiseaSac\" target=\"_blank\"><br \/>\n\t\t\t\t\t\tFacebook-f<br \/>\n\t\t\t\t\t\t<svg aria-hidden=\"true\" viewBox=\"0 0 320 512\" xmlns=\"http:\/\/www.w3.org\/2000\/svg\"><path d=\"M279.14 288l14.22-92.66h-88.91v-60.13c0-25.35 12.42-50.06 52.24-50.06h40.42V6.26S260.43 0 225.36 0c-73.22 0-121.08 44.38-121.08 124.72v70.62H22.89V288h81.39v224h100.17V288z\"><\/path><\/svg>\t\t\t\t\t<\/a><br \/>\n\t\t\t\t\t<a href=\"https:\/\/www.tiktok.com\/@odisea_peru\" target=\"_blank\"><br \/>\n\t\t\t\t\t\tTiktok<br \/>\n\t\t\t\t\t\t<svg aria-hidden=\"true\" viewBox=\"0 0 448 512\" xmlns=\"http:\/\/www.w3.org\/2000\/svg\"><path d=\"M448,209.91a210.06,210.06,0,0,1-122.77-39.25V349.38A162.55,162.55,0,1,1,185,188.31V278.2a74.62,74.62,0,1,0,52.23,71.18V0l88,0a121.18,121.18,0,0,0,1.86,22.17h0A122.18,122.18,0,0,0,381,102.39a121.43,121.43,0,0,0,67,20.14Z\"><\/path><\/svg>\t\t\t\t\t<\/a><\/p>\n<h4>Servicios<\/h4>\n<ul>\n<li>\n\t\t\t\t\t\t\t\t\t\t\t<a href=\"https:\/\/www.odiseacorp.lat\/?page_id=203\"><br \/>\n\t\t\t\t\t\t\t\t\t\t\tVigilancia Privada<br \/>\n\t\t\t\t\t\t\t\t\t\t\t<\/a>\n\t\t\t\t\t\t\t\t\t<\/li>\n<li>\n\t\t\t\t\t\t\t\t\t\t\t<a href=\"https:\/\/www.odiseacorp.lat\/?page_id=414\"><br \/>\n\t\t\t\t\t\t\t\t\t\t\tSeguridad Retail<br \/>\n\t\t\t\t\t\t\t\t\t\t\t<\/a>\n\t\t\t\t\t\t\t\t\t<\/li>\n<li>\n\t\t\t\t\t\t\t\t\t\t\t<a href=\"https:\/\/www.odiseacorp.lat\/?page_id=415\"><br \/>\n\t\t\t\t\t\t\t\t\t\t\tLimpieza, Saneamiento y SS.GG.<br \/>\n\t\t\t\t\t\t\t\t\t\t\t<\/a>\n\t\t\t\t\t\t\t\t\t<\/li>\n<li>\n\t\t\t\t\t\t\t\t\t\t\t<a href=\"https:\/\/www.odiseacorp.lat\/?page_id=416\"><br \/>\n\t\t\t\t\t\t\t\t\t\t\tAdm. de Estacionamientos<br \/>\n\t\t\t\t\t\t\t\t\t\t\t<\/a>\n\t\t\t\t\t\t\t\t\t<\/li>\n<\/ul>\n<h4>Enlaces \u00fatiles<\/h4>\n<ul>\n<li>\n\t\t\t\t\t\t\t\t\t\t\t<a href=\"https:\/\/forms.gle\/2pRBARuH7MBaTR1A9\"><br \/>\n\t\t\t\t\t\t\t\t\t\t\tLibro de reclamaciones<br \/>\n\t\t\t\t\t\t\t\t\t\t\t<\/a>\n\t\t\t\t\t\t\t\t\t<\/li>\n<li>\n\t\t\t\t\t\t\t\t\t\t\t<a href=\"https:\/\/grupoodisea-my.sharepoint.com\/:b:\/g\/personal\/gestion_organizacional_odiseacorp_pe\/IQAvNqQxrII-RLj3Zcue85oLAf2z0PQgqX5sT422JVP-7dg?e=TqMWKY\"><br \/>\n\t\t\t\t\t\t\t\t\t\t\tPol\u00edtica Integrada de Gesti\u00f3n<br \/>\n\t\t\t\t\t\t\t\t\t\t\t<\/a>\n\t\t\t\t\t\t\t\t\t<\/li>\n<li>\n\t\t\t\t\t\t\t\t\t\t\t<a href=\"https:\/\/www.odiseacorp.lat\/?page_id=3173\"><br \/>\n\t\t\t\t\t\t\t\t\t\t\tPol\u00edtica de Privacidad y Tratamiento de Datos Personales\u200b<br \/>\n\t\t\t\t\t\t\t\t\t\t\t<\/a>\n\t\t\t\t\t\t\t\t\t<\/li>\n<\/ul>\n<p>\t\t\t\t<svg aria-hidden=\"true\" viewBox=\"0 0 512 512\" xmlns=\"http:\/\/www.w3.org\/2000\/svg\"><path d=\"M497.39 361.8l-112-48a24 24 0 0 0-28 6.9l-49.6 60.6A370.66 370.66 0 0 1 130.6 204.11l60.6-49.6a23.94 23.94 0 0 0 6.9-28l-48-112A24.16 24.16 0 0 0 122.6.61l-104 24A24 24 0 0 0 0 48c0 256.5 207.9 464 464 464a24 24 0 0 0 23.4-18.6l24-104a24.29 24.29 0 0 0-14.01-27.6z\"><\/path><\/svg>\t\t\t\t<\/p>\n<h4>\n\t\t\t\t\t\t\t(+51) 983 285 802<br \/>\n\t\t\t\t\t<\/h4>\n<p>\n\t\t\t\t\t\t\u00a1Cotiza Aqu\u00ed!\t\t\t\t\t<\/p>\n<p>\t\t\t\t<svg aria-hidden=\"true\" viewBox=\"0 0 512 512\" xmlns=\"http:\/\/www.w3.org\/2000\/svg\"><path d=\"M502.3 190.8c3.9-3.1 9.7-.2 9.7 4.7V400c0 26.5-21.5 48-48 48H48c-26.5 0-48-21.5-48-48V195.6c0-5 5.7-7.8 9.7-4.7 22.4 17.4 52.1 39.5 154.1 113.6 21.1 15.4 56.7 47.8 92.2 47.6 35.7.3 72-32.8 92.3-47.6 102-74.1 131.6-96.3 154-113.7zM256 320c23.2.4 56.6-29.2 73.4-41.4 132.7-96.3 142.8-104.7 173.4-128.7 5.8-4.5 9.2-11.5 9.2-18.9v-19c0-26.5-21.5-48-48-48H48C21.5 64 0 85.5 0 112v19c0 7.4 3.4 14.3 9.2 18.9 30.6 23.9 40.7 32.4 173.4 128.7 16.8 12.2 50.2 41.8 73.4 41.4z\"><\/path><\/svg>\t\t\t\t<\/p>\n<h4>\n\t\t\t\t\t\t\tcomercial@odiseacorp.pe<br \/>\n\t\t\t\t\t<\/h4>\n<p>\n\t\t\t\t\t\tCorreo electr\u00f3nico\t\t\t\t\t<\/p>\n<p>\t\t\t\t<svg aria-hidden=\"true\" viewBox=\"0 0 384 512\" xmlns=\"http:\/\/www.w3.org\/2000\/svg\"><path d=\"M172.268 501.67C26.97 291.031 0 269.413 0 192 0 85.961 85.961 0 192 0s192 85.961 192 192c0 77.413-26.97 99.031-172.268 309.67-9.535 13.774-29.93 13.773-39.464 0zM192 272c44.183 0 80-35.817 80-80s-35.817-80-80-80-80 35.817-80 80 35.817 80 80 80z\"><\/path><\/svg>\t\t\t\t<\/p>\n<h4>\n\t\t\t\t\t\t\tAv. V\u00eda Evitamiento<br \/> N\u00b0 1559, Ate &#8211; Lima<br \/>\n\t\t\t\t\t<\/h4>\n<p>\n\t\t\t\t\t\tDirecci\u00f3n\t\t\t\t\t<\/p>\n<p>Creado por ODISEACORP<\/p>\n<p>Copyright \u00a9 2025. All rights reserved.<\/p>\n","protected":false},"excerpt":{"rendered":"<p>\u00a1Postula Aqu\u00ed! 977 524 919 | 982 167 308 | 940 485 610 Direcci\u00f3n Av. Evitamiento N\u00b0 1559, Ate &#8211; Lima Linkedin Tiktok Facebook Instagram INTRANET \u00bfTienes preguntas? PONTE EN CONTACTO CON NOSOTROS \u00a1Estamos aqu\u00ed para ayudarte! Ponte en contacto con nosotros a trav\u00e9s de los siguientes medios: Direcci\u00f3n Av. V\u00eda Evitamiento N\u00b0 1559, Ate &#8211; Lima \u00a1Cotiza Aqu\u00ed! (+51) 983 285 802 Email comercial@odiseacorp.pe Especialistas en Gesti\u00f3n de Riesgos por m\u00e1s de 14 a\u00f1os. \u00a1OdiseaCorp a tu servicio! Jki-linkedin-light Jki-instagram-1-light Facebook-f Tiktok Servicios Vigilancia Privada Seguridad Retail Limpieza, Saneamiento y SS.GG. Adm. de Estacionamientos Enlaces \u00fatiles Libro de reclamaciones Pol\u00edtica Integrada de Gesti\u00f3n Pol\u00edtica de Privacidad y Tratamiento de Datos Personales\u200b (+51) 983 285 802 \u00a1Cotiza Aqu\u00ed! comercial@odiseacorp.pe Correo electr\u00f3nico Av. V\u00eda Evitamiento N\u00b0 1559, Ate &#8211; Lima Direcci\u00f3n Creado por ODISEACORP Copyright \u00a9 2025. All rights reserved.<\/p>\n","protected":false},"author":1,"featured_media":0,"parent":0,"menu_order":0,"comment_status":"closed","ping_status":"closed","template":"","meta":{"site-sidebar-layout":"no-sidebar","site-content-layout":"","ast-site-content-layout":"full-width-container","site-content-style":"default","site-sidebar-style":"default","ast-global-header-display":"","ast-banner-title-visibility":"","ast-main-header-display":"","ast-hfb-above-header-display":"","ast-hfb-below-header-display":"","ast-hfb-mobile-header-display":"","site-post-title":"disabled","ast-breadcrumbs-content":"","ast-featured-img":"disabled","footer-sml-layout":"","theme-transparent-header-meta":"","adv-header-id-meta":"","stick-header-meta":"","header-above-stick-meta":"","header-main-stick-meta":"","header-below-stick-meta":"","astra-migrate-meta-layouts":"default","ast-page-background-enabled":"default","ast-page-background-meta":{"desktop":{"background-color":"var(--ast-global-color-4)","background-image":"","background-repeat":"repeat","background-position":"center center","background-size":"auto","background-attachment":"scroll","background-type":"","background-media":"","overlay-type":"","overlay-color":"","overlay-opacity":"","overlay-gradient":""},"tablet":{"background-color":"","background-image":"","background-repeat":"repeat","background-position":"center center","background-size":"auto","background-attachment":"scroll","background-type":"","background-media":"","overlay-type":"","overlay-color":"","overlay-opacity":"","overlay-gradient":""},"mobile":{"background-color":"","background-image":"","background-repeat":"repeat","background-position":"center center","background-size":"auto","background-attachment":"scroll","background-type":"","background-media":"","overlay-type":"","overlay-color":"","overlay-opacity":"","overlay-gradient":""}},"ast-content-background-meta":{"desktop":{"background-color":"var(--ast-global-color-5)","background-image":"","background-repeat":"repeat","background-position":"center center","background-size":"auto","background-attachment":"scroll","background-type":"","background-media":"","overlay-type":"","overlay-color":"","overlay-opacity":"","overlay-gradient":""},"tablet":{"background-color":"var(--ast-global-color-5)","background-image":"","background-repeat":"repeat","background-position":"center center","background-size":"auto","background-attachment":"scroll","background-type":"","background-media":"","overlay-type":"","overlay-color":"","overlay-opacity":"","overlay-gradient":""},"mobile":{"background-color":"var(--ast-global-color-5)","background-image":"","background-repeat":"repeat","background-position":"center center","background-size":"auto","background-attachment":"scroll","background-type":"","background-media":"","overlay-type":"","overlay-color":"","overlay-opacity":"","overlay-gradient":""}},"footnotes":""},"class_list":["post-12","page","type-page","status-publish","hentry"],"_links":{"self":[{"href":"https:\/\/www.odiseacorp.lat\/index.php?rest_route=\/wp\/v2\/pages\/12","targetHints":{"allow":["GET"]}}],"collection":[{"href":"https:\/\/www.odiseacorp.lat\/index.php?rest_route=\/wp\/v2\/pages"}],"about":[{"href":"https:\/\/www.odiseacorp.lat\/index.php?rest_route=\/wp\/v2\/types\/page"}],"author":[{"embeddable":true,"href":"https:\/\/www.odiseacorp.lat\/index.php?rest_route=\/wp\/v2\/users\/1"}],"replies":[{"embeddable":true,"href":"https:\/\/www.odiseacorp.lat\/index.php?rest_route=%2Fwp%2Fv2%2Fcomments&post=12"}],"version-history":[{"count":208,"href":"https:\/\/www.odiseacorp.lat\/index.php?rest_route=\/wp\/v2\/pages\/12\/revisions"}],"predecessor-version":[{"id":3262,"href":"https:\/\/www.odiseacorp.lat\/index.php?rest_route=\/wp\/v2\/pages\/12\/revisions\/3262"}],"wp:attachment":[{"href":"https:\/\/www.odiseacorp.lat\/index.php?rest_route=%2Fwp%2Fv2%2Fmedia&parent=12"}],"curies":[{"name":"wp","href":"https:\/\/api.w.org\/{rel}","templated":true}]}}